{"id":12,"date":"2022-11-07T13:42:58","date_gmt":"2022-11-07T16:42:58","guid":{"rendered":"https:\/\/laboratorios.uepb.edu.br\/cm-acquimbio\/?page_id=12"},"modified":"2024-04-03T10:45:24","modified_gmt":"2024-04-03T13:45:24","slug":"equipe","status":"publish","type":"page","link":"https:\/\/laboratorios.uepb.edu.br\/cm-acquimbio\/equipe\/","title":{"rendered":"Equipe"},"content":{"rendered":"<div class=\"wpb-content-wrapper\"><p>[vc_row][vc_column][vc_column_text]<\/p>\n<h2><strong>Comit\u00ea Gestor <\/strong><\/h2>\n<p><strong><em>Prof. Dr. Elquio Eleamen Oliveira<\/em><\/strong><\/p>\n<p>Universidade Estadual da Para\u00edba &#8211; campus V \u2013 Departamento de Biologia &#8211; UEPB<\/p>\n<p><a href=\"http:\/\/lattes.cnpq.br\/9506411475317395\">http:\/\/lattes.cnpq.br\/9506411475317395<\/a><\/p>\n<p>&nbsp;<\/p>\n<p><strong><em>Prof. Dr. Francisco Jaime Bezerra Mendon\u00e7a Junior<\/em><\/strong><\/p>\n<p>Universidade Estadual da Para\u00edba &#8211; campus V \u2013 Departamento de Biologia &#8211; UEPB<\/p>\n<p><a href=\"http:\/\/lattes.cnpq.br\/5994153651109853\">http:\/\/lattes.cnpq.br\/5994153651109853<\/a><\/p>\n<p>&nbsp;<\/p>\n<p><strong><em>Prof. Dr. Thiago Mendon\u00e7a de Aquino<\/em><\/strong><\/p>\n<p>Universidade Federal de Alagoas \u2013 Instituto de Qu\u00edmica e Biotecnologia &#8211; UFAL<\/p>\n<p><a href=\"http:\/\/lattes.cnpq.br\/3395195195361558\">http:\/\/lattes.cnpq.br\/3395195195361558<\/a><\/p>\n<p>&nbsp;<\/p>\n<p><strong><em>Dra. Michelle de Oliveira Pedrosa Rolim<\/em><\/strong><\/p>\n<p>Universidade Estadual da Para\u00edba &#8211; campus V \u2013 Departamento de Biologia &#8211; UEPB<\/p>\n<p><a href=\"http:\/\/lattes.cnpq.br\/2142153068085805\">http:\/\/lattes.cnpq.br\/2142153068085805<\/a><\/p>\n<p>&nbsp;<\/p>\n<p>&nbsp;<\/p>\n<h2><strong>Comit\u00ea de Usu\u00e1rios<\/strong><\/h2>\n<p>&nbsp;<\/p>\n<h3><strong>Representantes Internos<\/strong><\/h3>\n<p>&nbsp;<\/p>\n<p><strong><em>Prof. Dr. Douglas Zeppelini Filho<\/em><\/strong> (titular)<\/p>\n<p>Universidade Estadual da Para\u00edba &#8211; campus V \u2013 Departamento de Biologia &#8211; UEPB<\/p>\n<p><a href=\"http:\/\/lattes.cnpq.br\/9831782694813481\">http:\/\/lattes.cnpq.br\/9831782694813481<\/a><\/p>\n<p>&nbsp;<\/p>\n<p><strong><em>Prof. Dr. Ricardo Ol\u00edmpio de Moura<\/em><\/strong> (titular)<\/p>\n<p>Universidade Estadual da Para\u00edba &#8211; campus I \u2013 Departamento de Farm\u00e1cia &#8211; UEPB<\/p>\n<p><a href=\"http:\/\/lattes.cnpq.br\/3707776918049437\">http:\/\/lattes.cnpq.br\/3707776918049437<\/a><\/p>\n<p>&nbsp;<\/p>\n<p><strong><em>Prof. Dr. Rodrigo Jos\u00e9 de Oliveira<\/em><\/strong> (suplente)<\/p>\n<p>Universidade Estadual da Para\u00edba &#8211; campus I \u2013 Departamento de Qu\u00edmica &#8211; UEPB <a href=\"http:\/\/lattes.cnpq.br\/1318786714866523\">http:\/\/lattes.cnpq.br\/1318786714866523<\/a><\/p>\n<p>&nbsp;<\/p>\n<h3><strong>Representantes Externos<\/strong><\/h3>\n<p><strong><em>\u00a0<\/em><\/strong><\/p>\n<p><strong><em>Prof. Dr. Edeildo Ferreira da Silva Junior<\/em><\/strong> (titular)<\/p>\n<p>Universidade Federal de Alagoas \u2013 Programa de P\u00f3s-gradua\u00e7\u00e3o em Qu\u00edmica &#8211; UFAL<\/p>\n<p><a href=\"http:\/\/lattes.cnpq.br\/7734668499447578\">http:\/\/lattes.cnpq.br\/7734668499447578<\/a><\/p>\n<p>&nbsp;<\/p>\n<p><strong><em>Profa. Dra. Maria do Carmo Alves de Lima<\/em><\/strong> (titular)<\/p>\n<p>Universidade Federal de Pernambuco \u2013 Departamento de Antibi\u00f3ticos &#8211; UFPE<\/p>\n<p><a href=\"http:\/\/lattes.cnpq.br\/7568400311889864\">http:\/\/lattes.cnpq.br\/7568400311889864<\/a><\/p>\n<p>&nbsp;<\/p>\n<p><strong><em>Dr. Rodrigo Santos Aquino de Ara\u00fajo<\/em><\/strong> (suplente)<\/p>\n<p>Universidade Federal da Para\u00edba \u2013 Programa de P\u00f3s-gradua\u00e7\u00e3o em Produtos Naturais e Sint\u00e9ticos Bioativos &#8211; UFPB<\/p>\n<p><a href=\"http:\/\/lattes.cnpq.br\/4679429055039278\">http:\/\/lattes.cnpq.br\/4679429055039278<\/a>[\/vc_column_text][\/vc_column][\/vc_row]<\/p>\n<\/div>","protected":false},"excerpt":{"rendered":"<p>[vc_row][vc_column][vc_column_text] Comit\u00ea Gestor Prof. Dr. Elquio Eleamen Oliveira Universidade Estadual da Para\u00edba &#8211; campus V \u2013 Departamento de Biologia &#8211; UEPB http:\/\/lattes.cnpq.br\/9506411475317395 &nbsp; Prof. Dr. Francisco Jaime Bezerra Mendon\u00e7a Junior Universidade Estadual da Para\u00edba &#8211; campus V \u2013 Departamento de Biologia &#8211; UEPB http:\/\/lattes.cnpq.br\/5994153651109853 &nbsp; Prof. Dr. Thiago Mendon\u00e7a de Aquino Universidade Federal de Alagoas <a class=\"leiamais\" href=\"https:\/\/laboratorios.uepb.edu.br\/cm-acquimbio\/equipe\/\">Leia Mais&#8230;<\/a><\/p>\n","protected":false},"author":1,"featured_media":0,"parent":0,"menu_order":0,"comment_status":"closed","ping_status":"closed","template":"page-sem-espacamento.php","meta":{"footnotes":""},"class_list":["post-12","page","type-page","status-publish","hentry"],"_links":{"self":[{"href":"https:\/\/laboratorios.uepb.edu.br\/cm-acquimbio\/wp-json\/wp\/v2\/pages\/12","targetHints":{"allow":["GET"]}}],"collection":[{"href":"https:\/\/laboratorios.uepb.edu.br\/cm-acquimbio\/wp-json\/wp\/v2\/pages"}],"about":[{"href":"https:\/\/laboratorios.uepb.edu.br\/cm-acquimbio\/wp-json\/wp\/v2\/types\/page"}],"author":[{"embeddable":true,"href":"https:\/\/laboratorios.uepb.edu.br\/cm-acquimbio\/wp-json\/wp\/v2\/users\/1"}],"replies":[{"embeddable":true,"href":"https:\/\/laboratorios.uepb.edu.br\/cm-acquimbio\/wp-json\/wp\/v2\/comments?post=12"}],"version-history":[{"count":5,"href":"https:\/\/laboratorios.uepb.edu.br\/cm-acquimbio\/wp-json\/wp\/v2\/pages\/12\/revisions"}],"predecessor-version":[{"id":42,"href":"https:\/\/laboratorios.uepb.edu.br\/cm-acquimbio\/wp-json\/wp\/v2\/pages\/12\/revisions\/42"}],"wp:attachment":[{"href":"https:\/\/laboratorios.uepb.edu.br\/cm-acquimbio\/wp-json\/wp\/v2\/media?parent=12"}],"curies":[{"name":"wp","href":"https:\/\/api.w.org\/{rel}","templated":true}]}}