{"id":22,"date":"2024-04-03T10:30:40","date_gmt":"2024-04-03T13:30:40","guid":{"rendered":"https:\/\/laboratorios.uepb.edu.br\/cm-acquimbio\/?page_id=22"},"modified":"2025-10-08T09:35:01","modified_gmt":"2025-10-08T12:35:01","slug":"infraestrutura","status":"publish","type":"page","link":"https:\/\/laboratorios.uepb.edu.br\/cm-acquimbio\/infraestrutura\/","title":{"rendered":"Infraestrutura"},"content":{"rendered":"<div class=\"wpb-content-wrapper\"><p>[vc_row][vc_column][vc_column_text]Alguns detalhes de nossa infraestrutura[\/vc_column_text][\/vc_column][\/vc_row][vc_row][vc_column width=&#8221;1\/3&#8243;][vc_text_separator title=&#8221;Espectrofot\u00f4metro de infravermelho-ATR e pastilha de KBr&#8221; i_icon_fontawesome=&#8221;fas fa-arrow-circle-right&#8221; i_color=&#8221;custom&#8221; title_align=&#8221;separator_align_left&#8221; add_icon=&#8221;true&#8221; i_custom_color=&#8221;#cc0000&#8243;][vc_single_image image=&#8221;25&#8243; img_size=&#8221;full&#8221; alignment=&#8221;center&#8221; onclick=&#8221;zoom&#8221;][\/vc_column][vc_column width=&#8221;1\/3&#8243;][vc_text_separator title=&#8221;Sistema de cromatografia l\u00edquida de alta efici\u00eancia (HPLC) com DAD&#8221; i_icon_fontawesome=&#8221;fas fa-arrow-circle-right&#8221; i_color=&#8221;custom&#8221; title_align=&#8221;separator_align_left&#8221; add_icon=&#8221;true&#8221; i_custom_color=&#8221;#cc0000&#8243;][vc_single_image image=&#8221;26&#8243; img_size=&#8221;full&#8221; alignment=&#8221;center&#8221; onclick=&#8221;zoom&#8221;][\/vc_column][vc_column width=&#8221;1\/3&#8243;][vc_text_separator title=&#8221;Liofilizador&#8221; i_icon_fontawesome=&#8221;fas fa-arrow-circle-right&#8221; i_color=&#8221;custom&#8221; title_align=&#8221;separator_align_left&#8221; add_icon=&#8221;true&#8221; i_custom_color=&#8221;#cc0000&#8243;][vc_single_image image=&#8221;27&#8243; img_size=&#8221;full&#8221; alignment=&#8221;center&#8221; onclick=&#8221;zoom&#8221;][\/vc_column][\/vc_row][vc_row css=&#8221;.vc_custom_1725975125695{margin-top: 30px !important;}&#8221;][vc_column width=&#8221;1\/3&#8243;][vc_text_separator title=&#8221;Equipamento de Resson\u00e2ncia magn\u00e9tica nuclear de an\u00e1lise de l\u00edquidos de 80MHz&#8221; i_icon_fontawesome=&#8221;fas fa-arrow-circle-right&#8221; i_color=&#8221;custom&#8221; title_align=&#8221;separator_align_left&#8221; add_icon=&#8221;true&#8221; i_custom_color=&#8221;#cc0000&#8243;][vc_single_image image=&#8221;28&#8243; img_size=&#8221;full&#8221; alignment=&#8221;center&#8221; onclick=&#8221;zoom&#8221;][\/vc_column][vc_column width=&#8221;1\/3&#8243;][vc_text_separator title=&#8221;Analisador de part\u00edculas com espalhamento din\u00e2mico de luz&#8221; i_icon_fontawesome=&#8221;fas fa-arrow-circle-right&#8221; i_color=&#8221;custom&#8221; title_align=&#8221;separator_align_left&#8221; add_icon=&#8221;true&#8221; i_custom_color=&#8221;#cc0000&#8243;][vc_single_image image=&#8221;30&#8243; img_size=&#8221;full&#8221; alignment=&#8221;center&#8221; onclick=&#8221;zoom&#8221;][\/vc_column][vc_column width=&#8221;1\/3&#8243;][vc_text_separator title=&#8221;Re\u00f4metro&#8221; i_icon_fontawesome=&#8221;fas fa-arrow-circle-right&#8221; i_color=&#8221;custom&#8221; title_align=&#8221;separator_align_left&#8221; add_icon=&#8221;true&#8221; i_custom_color=&#8221;#cc0000&#8243;][vc_single_image image=&#8221;31&#8243; img_size=&#8221;450&#215;220&#8243; alignment=&#8221;center&#8221; onclick=&#8221;zoom&#8221; css=&#8221;&#8221;][\/vc_column][\/vc_row][vc_row css=&#8221;.vc_custom_1725975116433{margin-top: 30px !important;}&#8221;][vc_column width=&#8221;1\/3&#8243;][vc_text_separator title=&#8221;Espectrofot\u00f4metro UV-Vis com varredura&#8221; i_icon_fontawesome=&#8221;fas fa-arrow-circle-right&#8221; i_color=&#8221;custom&#8221; title_align=&#8221;separator_align_left&#8221; add_icon=&#8221;true&#8221; i_custom_color=&#8221;#cc0000&#8243;][vc_single_image image=&#8221;61&#8243; img_size=&#8221;full&#8221; alignment=&#8221;center&#8221; onclick=&#8221;zoom&#8221;][\/vc_column][vc_column width=&#8221;1\/3&#8243;][vc_text_separator title=&#8221;Espectrofot\u00f4metro UV-Vis&#8221; i_icon_fontawesome=&#8221;fas fa-arrow-circle-right&#8221; i_color=&#8221;custom&#8221; title_align=&#8221;separator_align_left&#8221; add_icon=&#8221;true&#8221; i_custom_color=&#8221;#cc0000&#8243;][vc_single_image image=&#8221;62&#8243; img_size=&#8221;full&#8221; alignment=&#8221;center&#8221; onclick=&#8221;zoom&#8221;][\/vc_column][vc_column width=&#8221;1\/3&#8243;][vc_text_separator title=&#8221;Rotaevaporador&#8221; i_icon_fontawesome=&#8221;fas fa-arrow-circle-right&#8221; i_color=&#8221;custom&#8221; title_align=&#8221;separator_align_left&#8221; add_icon=&#8221;true&#8221; i_custom_color=&#8221;#cc0000&#8243;][vc_single_image image=&#8221;63&#8243; img_size=&#8221;full&#8221; alignment=&#8221;center&#8221; onclick=&#8221;zoom&#8221;][\/vc_column][\/vc_row][vc_row css=&#8221;.vc_custom_1725975096607{margin-top: 30px !important;}&#8221;][vc_column width=&#8221;1\/3&#8243;][vc_text_separator title=&#8221;Espectro de Emiss\u00e3o de Plasma induzido por Lazer (LIBS J200)&#8221; i_icon_fontawesome=&#8221;fas fa-arrow-circle-right&#8221; i_color=&#8221;custom&#8221; title_align=&#8221;separator_align_left&#8221; css=&#8221;&#8221; add_icon=&#8221;true&#8221; i_custom_color=&#8221;#cc0000&#8243;][vc_single_image image=&#8221;77&#8243; img_size=&#8221;full&#8221; alignment=&#8221;center&#8221; onclick=&#8221;zoom&#8221; css=&#8221;&#8221;][\/vc_column][vc_column width=&#8221;1\/3&#8243;][vc_text_separator title=&#8221;Microsc\u00f3pio Infravermelho e Raman&#8221; i_icon_fontawesome=&#8221;fas fa-arrow-circle-right&#8221; i_color=&#8221;custom&#8221; title_align=&#8221;separator_align_left&#8221; css=&#8221;&#8221; add_icon=&#8221;true&#8221; i_custom_color=&#8221;#cc0000&#8243;][vc_single_image image=&#8221;83&#8243; img_size=&#8221;full&#8221; alignment=&#8221;center&#8221; onclick=&#8221;zoom&#8221; css=&#8221;&#8221;][\/vc_column][vc_column width=&#8221;1\/3&#8243;][vc_text_separator title=&#8221;Ultracentr\u00edfuga&#8221; i_icon_fontawesome=&#8221;fas fa-arrow-circle-right&#8221; i_color=&#8221;custom&#8221; title_align=&#8221;separator_align_left&#8221; add_icon=&#8221;true&#8221; i_custom_color=&#8221;#cc0000&#8243;][vc_single_image image=&#8221;64&#8243; img_size=&#8221;full&#8221; alignment=&#8221;center&#8221; onclick=&#8221;zoom&#8221;][\/vc_column][\/vc_row][vc_row css=&#8221;.vc_custom_1725975096607{margin-top: 30px !important;}&#8221;][vc_column width=&#8221;1\/3&#8243;][vc_text_separator title=&#8221;Ultrafreezer vertical -86\u00baC &#8211; Haier Biomedical&#8221; i_icon_fontawesome=&#8221;fas fa-arrow-circle-right&#8221; i_color=&#8221;custom&#8221; title_align=&#8221;separator_align_left&#8221; css=&#8221;&#8221; add_icon=&#8221;true&#8221; i_custom_color=&#8221;#cc0000&#8243;][vc_single_image image=&#8221;137&#8243; img_size=&#8221;full&#8221; alignment=&#8221;center&#8221; onclick=&#8221;zoom&#8221; css=&#8221;&#8221;][\/vc_column][vc_column width=&#8221;1\/3&#8243;][vc_text_separator title=&#8221;Espectr\u00f4metro de Fluoresc\u00eancia de Raios X por Energia Dispersiva &#8211; EDX 8100 &#8211; SHIMADZU&#8221; i_icon_fontawesome=&#8221;fas fa-arrow-circle-right&#8221; i_color=&#8221;custom&#8221; title_align=&#8221;separator_align_left&#8221; css=&#8221;&#8221; add_icon=&#8221;true&#8221; i_custom_color=&#8221;#cc0000&#8243;][vc_single_image image=&#8221;144&#8243; img_size=&#8221;full&#8221; alignment=&#8221;center&#8221; onclick=&#8221;zoom&#8221; css=&#8221;&#8221;][\/vc_column][vc_column width=&#8221;1\/3&#8243;][vc_text_separator title=&#8221;Analisador de tamanho e distribui\u00e7\u00e3o de part\u00edculas por difra\u00e7\u00e3o a laser- Mastersizer 3000+ Ultra &#8211; MalvernPanalytical&#8221; i_icon_fontawesome=&#8221;fas fa-arrow-circle-right&#8221; i_color=&#8221;custom&#8221; title_align=&#8221;separator_align_left&#8221; css=&#8221;&#8221; add_icon=&#8221;true&#8221; i_custom_color=&#8221;#cc0000&#8243;][vc_single_image image=&#8221;151&#8243; img_size=&#8221;full&#8221; alignment=&#8221;center&#8221; onclick=&#8221;zoom&#8221; css=&#8221;&#8221;][\/vc_column][\/vc_row]<\/p>\n<\/div>","protected":false},"excerpt":{"rendered":"<p>[vc_row][vc_column][vc_column_text]Alguns detalhes de nossa infraestrutura[\/vc_column_text][\/vc_column][\/vc_row][vc_row][vc_column width=&#8221;1\/3&#8243;][vc_text_separator title=&#8221;Espectrofot\u00f4metro de infravermelho-ATR e pastilha de KBr&#8221; i_icon_fontawesome=&#8221;fas fa-arrow-circle-right&#8221; i_color=&#8221;custom&#8221; title_align=&#8221;separator_align_left&#8221; add_icon=&#8221;true&#8221; i_custom_color=&#8221;#cc0000&#8243;][vc_single_image image=&#8221;25&#8243; img_size=&#8221;full&#8221; alignment=&#8221;center&#8221; onclick=&#8221;zoom&#8221;][\/vc_column][vc_column width=&#8221;1\/3&#8243;][vc_text_separator title=&#8221;Sistema de cromatografia l\u00edquida de alta efici\u00eancia (HPLC) com DAD&#8221; i_icon_fontawesome=&#8221;fas fa-arrow-circle-right&#8221; i_color=&#8221;custom&#8221; title_align=&#8221;separator_align_left&#8221; add_icon=&#8221;true&#8221; i_custom_color=&#8221;#cc0000&#8243;][vc_single_image image=&#8221;26&#8243; img_size=&#8221;full&#8221; alignment=&#8221;center&#8221; onclick=&#8221;zoom&#8221;][\/vc_column][vc_column width=&#8221;1\/3&#8243;][vc_text_separator title=&#8221;Liofilizador&#8221; i_icon_fontawesome=&#8221;fas fa-arrow-circle-right&#8221; i_color=&#8221;custom&#8221; title_align=&#8221;separator_align_left&#8221; add_icon=&#8221;true&#8221; i_custom_color=&#8221;#cc0000&#8243;][vc_single_image image=&#8221;27&#8243; img_size=&#8221;full&#8221; alignment=&#8221;center&#8221; <a class=\"leiamais\" href=\"https:\/\/laboratorios.uepb.edu.br\/cm-acquimbio\/infraestrutura\/\">Leia Mais&#8230;<\/a><\/p>\n","protected":false},"author":4,"featured_media":0,"parent":0,"menu_order":0,"comment_status":"closed","ping_status":"closed","template":"","meta":{"footnotes":""},"class_list":["post-22","page","type-page","status-publish","hentry"],"_links":{"self":[{"href":"https:\/\/laboratorios.uepb.edu.br\/cm-acquimbio\/wp-json\/wp\/v2\/pages\/22","targetHints":{"allow":["GET"]}}],"collection":[{"href":"https:\/\/laboratorios.uepb.edu.br\/cm-acquimbio\/wp-json\/wp\/v2\/pages"}],"about":[{"href":"https:\/\/laboratorios.uepb.edu.br\/cm-acquimbio\/wp-json\/wp\/v2\/types\/page"}],"author":[{"embeddable":true,"href":"https:\/\/laboratorios.uepb.edu.br\/cm-acquimbio\/wp-json\/wp\/v2\/users\/4"}],"replies":[{"embeddable":true,"href":"https:\/\/laboratorios.uepb.edu.br\/cm-acquimbio\/wp-json\/wp\/v2\/comments?post=22"}],"version-history":[{"count":25,"href":"https:\/\/laboratorios.uepb.edu.br\/cm-acquimbio\/wp-json\/wp\/v2\/pages\/22\/revisions"}],"predecessor-version":[{"id":152,"href":"https:\/\/laboratorios.uepb.edu.br\/cm-acquimbio\/wp-json\/wp\/v2\/pages\/22\/revisions\/152"}],"wp:attachment":[{"href":"https:\/\/laboratorios.uepb.edu.br\/cm-acquimbio\/wp-json\/wp\/v2\/media?parent=22"}],"curies":[{"name":"wp","href":"https:\/\/api.w.org\/{rel}","templated":true}]}}