{"id":43,"date":"2024-04-03T10:47:08","date_gmt":"2024-04-03T13:47:08","guid":{"rendered":"https:\/\/laboratorios.uepb.edu.br\/cm-acquimbio\/?page_id=43"},"modified":"2024-04-22T11:00:20","modified_gmt":"2024-04-22T14:00:20","slug":"servicos","status":"publish","type":"page","link":"https:\/\/laboratorios.uepb.edu.br\/cm-acquimbio\/servicos\/","title":{"rendered":"Servi\u00e7os"},"content":{"rendered":"<div class=\"wpb-content-wrapper\"><p>[vc_row][vc_column][vc_column_text]<\/p>\n<table>\n<tbody>\n<tr>\n<td width=\"134\"><strong>\u00a0<\/strong><\/td>\n<td colspan=\"3\" width=\"432\"><strong>Tabela de Pre\u00e7o (R$\/an\u00e1lise) *(R$\/di\u00e1ria)<\/strong><\/td>\n<\/tr>\n<tr>\n<td width=\"134\"><strong>Equipamento<\/strong><\/td>\n<td width=\"112\"><strong>P\u00fablico em geral<\/strong><\/td>\n<td width=\"162\"><strong>Pesquisadores e Acad\u00eamicos vinculados a institui\u00e7\u00f5es de ensino\/pesquisa ou governo do Estado da Para\u00edba<\/strong><\/td>\n<td width=\"159\"><strong>Pesquisadores e Acad\u00eamicos vinculados a UEPB<\/strong><\/td>\n<\/tr>\n<tr>\n<td width=\"134\">Espectrofot\u00f4metro de infravermelho-ATR e pastilha de KBr<\/td>\n<td width=\"112\">60,00<\/td>\n<td width=\"162\">30,00<\/td>\n<td width=\"159\">15,00<\/td>\n<\/tr>\n<tr>\n<td width=\"134\">Sistema de cromatografia l\u00edquida de alta efici\u00eancia (HPLC) com DAD<\/td>\n<td width=\"112\">*800,00<\/td>\n<td width=\"162\">*400,00<\/td>\n<td width=\"159\">*200,00<\/td>\n<\/tr>\n<tr>\n<td width=\"134\">Liofilizador<\/td>\n<td width=\"112\">80,00<\/td>\n<td width=\"162\">40,00<\/td>\n<td width=\"159\">20,00<\/td>\n<\/tr>\n<tr>\n<td width=\"134\">Equipamento de Resson\u00e2ncia magn\u00e9tica nuclear de an\u00e1lise de l\u00edquidos de 80MHz<\/td>\n<td width=\"112\">80,00<\/td>\n<td width=\"162\">40,00<\/td>\n<td width=\"159\">20,00<\/td>\n<\/tr>\n<tr>\n<td width=\"134\">Analisador de part\u00edculas do espalhamento din\u00e2mico de luz<\/td>\n<td width=\"112\">80,00<\/td>\n<td width=\"162\">40,00<\/td>\n<td width=\"159\">20,00<\/td>\n<\/tr>\n<tr>\n<td width=\"134\">Re\u00f4metro<\/td>\n<td width=\"112\">*400,00<\/td>\n<td width=\"162\">*200,00<\/td>\n<td width=\"159\">*100,00<\/td>\n<\/tr>\n<tr>\n<td width=\"134\">Espectrofot\u00f4metro UV-Vis com varredura<\/td>\n<td width=\"112\">*200,00<\/td>\n<td width=\"162\">*100,00<\/td>\n<td width=\"159\">*50,00<\/td>\n<\/tr>\n<tr>\n<td width=\"134\">Espectrofot\u00f4metro UV-Vis<\/td>\n<td width=\"112\">*100,00<\/td>\n<td width=\"162\">*50,00<\/td>\n<td width=\"159\">*25,00<\/td>\n<\/tr>\n<tr>\n<td width=\"134\">Rotaevaporador<\/td>\n<td width=\"112\">*200,00<\/td>\n<td width=\"162\">*100,00<\/td>\n<td width=\"159\">*50,00<\/td>\n<\/tr>\n<tr>\n<td width=\"134\">Centr\u00edfuga<\/td>\n<td width=\"112\">*100,00<\/td>\n<td width=\"162\">*50,00<\/td>\n<td width=\"159\">*25,00<\/td>\n<\/tr>\n<\/tbody>\n<\/table>\n<p>&nbsp;<\/p>\n<p>Observa\u00e7\u00e3o: As cobran\u00e7as est\u00e3o temporariamente suspensas. Para agendamento dos equipamentos e demais informa\u00e7\u00f5es enviar e-mail para <a href=\"mailto:agendamento_cmacquimbio@setor.uepb.edu.br\">agendamento_cmacquimbio@setor.uepb.edu.br<\/a> explicando sua demanda.[\/vc_column_text][\/vc_column][\/vc_row]<\/p>\n<\/div>","protected":false},"excerpt":{"rendered":"<p>[vc_row][vc_column][vc_column_text] \u00a0 Tabela de Pre\u00e7o (R$\/an\u00e1lise) *(R$\/di\u00e1ria) Equipamento P\u00fablico em geral Pesquisadores e Acad\u00eamicos vinculados a institui\u00e7\u00f5es de ensino\/pesquisa ou governo do Estado da Para\u00edba Pesquisadores e Acad\u00eamicos vinculados a UEPB Espectrofot\u00f4metro de infravermelho-ATR e pastilha de KBr 60,00 30,00 15,00 Sistema de cromatografia l\u00edquida de alta efici\u00eancia (HPLC) com DAD *800,00 *400,00 *200,00 Liofilizador <a class=\"leiamais\" href=\"https:\/\/laboratorios.uepb.edu.br\/cm-acquimbio\/servicos\/\">Leia Mais&#8230;<\/a><\/p>\n","protected":false},"author":4,"featured_media":0,"parent":0,"menu_order":0,"comment_status":"closed","ping_status":"closed","template":"","meta":{"footnotes":""},"class_list":["post-43","page","type-page","status-publish","hentry"],"_links":{"self":[{"href":"https:\/\/laboratorios.uepb.edu.br\/cm-acquimbio\/wp-json\/wp\/v2\/pages\/43","targetHints":{"allow":["GET"]}}],"collection":[{"href":"https:\/\/laboratorios.uepb.edu.br\/cm-acquimbio\/wp-json\/wp\/v2\/pages"}],"about":[{"href":"https:\/\/laboratorios.uepb.edu.br\/cm-acquimbio\/wp-json\/wp\/v2\/types\/page"}],"author":[{"embeddable":true,"href":"https:\/\/laboratorios.uepb.edu.br\/cm-acquimbio\/wp-json\/wp\/v2\/users\/4"}],"replies":[{"embeddable":true,"href":"https:\/\/laboratorios.uepb.edu.br\/cm-acquimbio\/wp-json\/wp\/v2\/comments?post=43"}],"version-history":[{"count":4,"href":"https:\/\/laboratorios.uepb.edu.br\/cm-acquimbio\/wp-json\/wp\/v2\/pages\/43\/revisions"}],"predecessor-version":[{"id":66,"href":"https:\/\/laboratorios.uepb.edu.br\/cm-acquimbio\/wp-json\/wp\/v2\/pages\/43\/revisions\/66"}],"wp:attachment":[{"href":"https:\/\/laboratorios.uepb.edu.br\/cm-acquimbio\/wp-json\/wp\/v2\/media?parent=43"}],"curies":[{"name":"wp","href":"https:\/\/api.w.org\/{rel}","templated":true}]}}