{"id":6,"date":"2022-11-07T13:34:41","date_gmt":"2022-11-07T16:34:41","guid":{"rendered":"https:\/\/laboratorios.uepb.edu.br\/cm-acquimbio\/?page_id=6"},"modified":"2025-02-24T11:47:51","modified_gmt":"2025-02-24T14:47:51","slug":"pagina-inicial","status":"publish","type":"page","link":"https:\/\/laboratorios.uepb.edu.br\/cm-acquimbio\/","title":{"rendered":"P\u00e1gina Inicial"},"content":{"rendered":"<div class=\"wpb-content-wrapper\"><p>[vc_row css=&#8221;.vc_custom_1722361788575{margin-bottom: 50px !important;}&#8221;][vc_column][vc_row_inner][vc_column_inner width=&#8221;2\/3&#8243;][vc_text_separator title=&#8221;Apresenta\u00e7\u00e3o&#8221; i_icon_fontawesome=&#8221;fas fa-angle-double-right&#8221; i_color=&#8221;custom&#8221; title_align=&#8221;separator_align_left&#8221; css=&#8221;&#8221; add_icon=&#8221;true&#8221; i_custom_color=&#8221;#CC0000&#8243;][vc_column_text]A Central Multiusu\u00e1rio de An\u00e1lise e Caracteriza\u00e7\u00e3o Qu\u00edmico-Biol\u00f3gica da UEPB (CM-ACQuimBio), \u00e9 uma estrutura multiuso instalada no campus V \u2013 Jo\u00e3o Pessoa, da Universidade Estadual da Para\u00edba, que tem como foco de contribui\u00e7\u00e3o potencial as \u00e1reas priorit\u00e1rias: Sa\u00fade, Desenvolvimento Regional Sustent\u00e1vel, e Arranjos Produtivos Locais elencadas pelo Governo do Estado da Para\u00edba. A CM-ACQuimBio tamb\u00e9m apresenta um ambiente favor\u00e1vel ao desenvolvimento cient\u00edfico e tecnol\u00f3gico e de inova\u00e7\u00e3o, fornecendo \u00e0 comunidade cient\u00edfica a possibilidade de realiza\u00e7\u00e3o de an\u00e1lises qu\u00edmicas, farmac\u00eauticas, biol\u00f3gicas, entre outras, de acordo com a tem\u00e1tica dos equipamentos dispon\u00edveis.<\/p>\n<p>A CM-ACQuimBio, cadastrada no PNIPE atrav\u00e9s do site: <a href=\"https:\/\/pnipe.mcti.gov.br\/laboratory\/9167\">https:\/\/pnipe.mcti.gov.br\/laboratory\/9167<\/a>, \u00e9 a primeira estrutura multiusu\u00e1ria com equipamentos de m\u00e9dio e grande porte em funcionamento na Universidade Estadual da Para\u00edba. Sendo composta por um conjunto de laborat\u00f3rios multiusu\u00e1rios interdisciplinares, planejados de forma racional, que n\u00e3o apresentam redund\u00e2ncias dentro da Institui\u00e7\u00e3o, de forma a permitir atender diretamente \u00e0s linhas de pesquisa e Programas de P\u00f3s-gradua\u00e7\u00e3o das ICTs do Estado (UEPB, UFPB, UFCG, IFPB e INSA), bem como de outros estados e regi\u00f5es do pa\u00eds nas mais diversas \u00e1reas do conhecimento: Farm\u00e1cia, Qu\u00edmica, Engenharia Qu\u00edmica, Odontologia, Ci\u00eancia e Tecnologia Ambiental, Biologia, Ecologia e Conserva\u00e7\u00e3o, Engenharia de\u00a0Materiais, Engenharia de Alimentos, Agronomia, Nutri\u00e7\u00e3o, assim como outras atividades de ensino, pesquisa e extens\u00e3o.<\/p>\n<p>Desde o in\u00edcio de seu funcionamento em 2022, a\u00a0CM-ACQuimBio vem contribuindo para a maior independ\u00eancia cient\u00edfica e tecnol\u00f3gica da UEPB, ao mesmo tempo em que vem contribuindo para a diminui\u00e7\u00e3o das\u00a0assimetrias regionais no que tange a distribui\u00e7\u00e3o da infraestrutura de pesquisa no pa\u00eds, al\u00e9m de contribuir para fixa\u00e7\u00e3o de doutores no Estado e na regi\u00e3o.[\/vc_column_text][\/vc_column_inner][vc_column_inner width=&#8221;1\/3&#8243;][vc_text_separator title=&#8221;\u00daltimas Not\u00edcias&#8221; i_icon_fontawesome=&#8221;far fa-newspaper&#8221; i_color=&#8221;custom&#8221; title_align=&#8221;separator_align_left&#8221; css=&#8221;&#8221; add_icon=&#8221;true&#8221; i_custom_color=&#8221;#CC0000&#8243;]<div class=\"mdl-grid\"><div class=\"mdl-cell--12-col bloco-noticias\"><div class=\"titulo-noticia-widget\"><a href=\"https:\/\/laboratorios.uepb.edu.br\/cm-acquimbio\/2025\/06\/04\/central-multiusuario-de-caracterizacao-quimico-biologica-recebe-estudante-argentino-vinculado-ao-programa-move-la-america\/\"><h3 class=\"titulo-destaque-noticia\">Central Multiusu\u00e1rio de Caracteriza\u00e7\u00e3o Qu\u00edmico-Biol\u00f3gica recebe estudante argentino vinculado ao Programa Move La Am\u00e9rica<\/h3><\/a><\/div><div class=\"titulo-noticia-widget\"><a href=\"https:\/\/laboratorios.uepb.edu.br\/cm-acquimbio\/2024\/11\/06\/campus-v-sedia-palestra-sobre-metodos-alternativos-ao-uso-de-animais-em-pesquisa-e-inovacao\/\"><h3 class=\"titulo-destaque-noticia\">C\u00e2mpus V sedia palestra sobre m\u00e9todos alternativos ao uso de animais em pesquisa e inova\u00e7\u00e3o<\/h3><\/a><\/div><div class=\"titulo-noticia-widget\"><a href=\"https:\/\/laboratorios.uepb.edu.br\/cm-acquimbio\/2024\/11\/06\/central-multiusuario-do-ccbsa-promove-evento-alusivo-aos-18-anos-do-campus-v-com-pesquisadores-do-estado\/\"><h3 class=\"titulo-destaque-noticia\">Central multiusu\u00e1rio do CCBSA promove evento alusivo aos 18 anos do C\u00e2mpus V com pesquisadores do Estado<\/h3><\/a><\/div><div class=\"titulo-noticia-widget\"><a href=\"https:\/\/laboratorios.uepb.edu.br\/cm-acquimbio\/2024\/11\/06\/laboratorio-da-uepb-e-o-primeiro-da-america-latina-a-receber-microscopio-acoplado-a-infravermelho-e-raman\/\"><h3 class=\"titulo-destaque-noticia\">Laborat\u00f3rio da UEPB \u00e9 o primeiro da Am\u00e9rica Latina a receber Microsc\u00f3pio acoplado a Infravermelho e Raman<\/h3><\/a><\/div><div class=\"titulo-noticia-widget\"><a href=\"https:\/\/laboratorios.uepb.edu.br\/cm-acquimbio\/2024\/10\/30\/investimento-em-centros-multiusuarios-cm-acquimbio-recebe-apoio-no-dia-da-ciencia-e-tecnologia\/\"><h3 class=\"titulo-destaque-noticia\">Investimento em Centros Multiusu\u00e1rios: CM-ACQuimBio Recebe Apoio no Dia da Ci\u00eancia e Tecnologia<\/h3><\/a><\/div><\/div><\/div>[\/vc_column_inner][\/vc_row_inner][vc_text_separator title=&#8221;Apoios Recebidos&#8221; i_icon_fontawesome=&#8221;fas fa-angle-double-right&#8221; i_color=&#8221;custom&#8221; title_align=&#8221;separator_align_left&#8221; css=&#8221;.vc_custom_1729513348091{margin-top: 30px !important;}&#8221; add_icon=&#8221;true&#8221; i_custom_color=&#8221;#CC0000&#8243;][vc_column_text]A Central Multiusu\u00e1rio de An\u00e1lise e Caracteriza\u00e7\u00e3o Qu\u00edmico-Biol\u00f3gica da UEPB (CM-ACQuimBio) foi implantada gra\u00e7as \u00e0 capta\u00e7\u00e3o de recursos de v\u00e1rios Editais da FINEP: MCTI\/FINEP\/CTNFRA 01\/2013 \u2013 apoio aos campi regionais, MCTI\/FINEP\/FNDCT\/CT-INFRA \u2013 INFRAESTRUTURA DE PESQUISA EM \u00c1REAS PRIORIT\u00c1RIAS \u2013 PROINFRA 2021, e FAPESQ (EDITAL 50\/2021 \u2013 SEECT\/FAPESQ\/PB CENTROS ESTADUAIS DE INFRAESTRUTURA CIENT\u00cdFICA E TECNOL\u00d3GICA DE CAR\u00c1TER MULTIUSU\u00c1RIO)[\/vc_column_text][vc_text_separator title=&#8221;Colabora\u00e7\u00f5es Institucionais&#8221; i_icon_fontawesome=&#8221;fas fa-angle-double-right&#8221; i_color=&#8221;custom&#8221; title_align=&#8221;separator_align_left&#8221; css=&#8221;.vc_custom_1729513392749{margin-top: 30px !important;}&#8221; add_icon=&#8221;true&#8221; i_custom_color=&#8221;#CC0000&#8243;][vc_row_inner][vc_column_inner width=&#8221;1\/2&#8243;][vc_column_text css=&#8221;&#8221;]<strong>No estado<\/strong><\/p>\n<ul>\n<li>Universidade Federal da Para\u00edba \u2013 UFPB<\/li>\n<li>Universidade Estadual da Para\u00edba \u2013 UEPB<\/li>\n<li>Universidade Federal de Campina Grande \u2013 UFCG<\/li>\n<li>Instituto Federal da Para\u00edba \u2013 IFPB<\/li>\n<\/ul>\n<p>[\/vc_column_text][\/vc_column_inner][vc_column_inner width=&#8221;1\/2&#8243;][vc_column_text css=&#8221;&#8221;]<strong>No pa\u00eds<\/strong><\/p>\n<ul>\n<li>Universidade Federal de Pernambuco &#8211; UFPE<\/li>\n<li>Universidade Federal Rural de Pernambuco &#8211; UFRPE<\/li>\n<li>Universidade Federal de Alagoas- UFAL<\/li>\n<li>Universidade Federal do Rio Grande do Norte &#8211; UFRN<\/li>\n<li>Universidade Regional do Cariri \u2013 URCA<\/li>\n<li>Universidade Federal do Delta do Parna\u00edba \u2013 UFDPar<\/li>\n<li>Universidade Federal do Cear\u00e1 &#8211; UFCE<\/li>\n<li>Universidade Federal da Bahia &#8211; UFBA<\/li>\n<li>Universidade de Guarulhos &#8211; UNG<\/li>\n<\/ul>\n<p>[\/vc_column_text][\/vc_column_inner][\/vc_row_inner][vc_text_separator title=&#8221;Contato&#8221; i_icon_fontawesome=&#8221;fas fa-phone-square-alt&#8221; i_color=&#8221;custom&#8221; title_align=&#8221;separator_align_left&#8221; css=&#8221;.vc_custom_1729513419285{margin-top: 30px !important;}&#8221; add_icon=&#8221;true&#8221; i_custom_color=&#8221;#CC0000&#8243;][vc_column_text css=&#8221;&#8221;]contato@cmacquimbio.com.br[\/vc_column_text][\/vc_column][\/vc_row]<\/p>\n<\/div>","protected":false},"excerpt":{"rendered":"<p>[vc_row css=&#8221;.vc_custom_1722361788575{margin-bottom: 50px !important;}&#8221;][vc_column][vc_row_inner][vc_column_inner width=&#8221;2\/3&#8243;][vc_text_separator title=&#8221;Apresenta\u00e7\u00e3o&#8221; i_icon_fontawesome=&#8221;fas fa-angle-double-right&#8221; i_color=&#8221;custom&#8221; title_align=&#8221;separator_align_left&#8221; css=&#8221;&#8221; add_icon=&#8221;true&#8221; i_custom_color=&#8221;#CC0000&#8243;][vc_column_text]A Central Multiusu\u00e1rio de An\u00e1lise e Caracteriza\u00e7\u00e3o Qu\u00edmico-Biol\u00f3gica da UEPB (CM-ACQuimBio), \u00e9 uma estrutura multiuso instalada no campus V \u2013 Jo\u00e3o Pessoa, da Universidade Estadual da Para\u00edba, que tem como foco de contribui\u00e7\u00e3o potencial as \u00e1reas priorit\u00e1rias: Sa\u00fade, Desenvolvimento Regional Sustent\u00e1vel, e Arranjos <a class=\"leiamais\" href=\"https:\/\/laboratorios.uepb.edu.br\/cm-acquimbio\/\">Leia Mais&#8230;<\/a><\/p>\n","protected":false},"author":1,"featured_media":0,"parent":0,"menu_order":0,"comment_status":"closed","ping_status":"closed","template":"page-sem-titulo.php","meta":{"footnotes":""},"class_list":["post-6","page","type-page","status-publish","hentry"],"_links":{"self":[{"href":"https:\/\/laboratorios.uepb.edu.br\/cm-acquimbio\/wp-json\/wp\/v2\/pages\/6","targetHints":{"allow":["GET"]}}],"collection":[{"href":"https:\/\/laboratorios.uepb.edu.br\/cm-acquimbio\/wp-json\/wp\/v2\/pages"}],"about":[{"href":"https:\/\/laboratorios.uepb.edu.br\/cm-acquimbio\/wp-json\/wp\/v2\/types\/page"}],"author":[{"embeddable":true,"href":"https:\/\/laboratorios.uepb.edu.br\/cm-acquimbio\/wp-json\/wp\/v2\/users\/1"}],"replies":[{"embeddable":true,"href":"https:\/\/laboratorios.uepb.edu.br\/cm-acquimbio\/wp-json\/wp\/v2\/comments?post=6"}],"version-history":[{"count":17,"href":"https:\/\/laboratorios.uepb.edu.br\/cm-acquimbio\/wp-json\/wp\/v2\/pages\/6\/revisions"}],"predecessor-version":[{"id":124,"href":"https:\/\/laboratorios.uepb.edu.br\/cm-acquimbio\/wp-json\/wp\/v2\/pages\/6\/revisions\/124"}],"wp:attachment":[{"href":"https:\/\/laboratorios.uepb.edu.br\/cm-acquimbio\/wp-json\/wp\/v2\/media?parent=6"}],"curies":[{"name":"wp","href":"https:\/\/api.w.org\/{rel}","templated":true}]}}