{"id":9,"date":"2024-07-31T11:38:30","date_gmt":"2024-07-31T14:38:30","guid":{"rendered":"https:\/\/laboratorios.uepb.edu.br\/labegi\/?page_id=9"},"modified":"2025-11-28T03:25:48","modified_gmt":"2025-11-28T06:25:48","slug":"projetos","status":"publish","type":"page","link":"https:\/\/laboratorios.uepb.edu.br\/labegi\/projetos\/","title":{"rendered":"Projetos"},"content":{"rendered":"<div class=\"wpb-content-wrapper\"><p>[vc_row][vc_column][vc_text_separator title=&#8221;Projetos PIBIC 2025\/2026 aprovados&#8221; i_icon_fontawesome=&#8221;fa fa-solid fa-magnifying-glass-chart&#8221; i_color=&#8221;custom&#8221; title_align=&#8221;separator_align_left&#8221; css=&#8221;&#8221; add_icon=&#8221;true&#8221; i_custom_color=&#8221;#DD3333&#8243;][vc_tta_accordion style=&#8221;modern&#8221; shape=&#8221;square&#8221; c_icon=&#8221;triangle&#8221; active_section=&#8221;&#8221; collapsible_all=&#8221;true&#8221;][vc_tta_section title=&#8221;Apropria\u00e7\u00e3o da intelig\u00eancia artificial por profissionais arquivistas: uma revis\u00e3o integrativa da literatura&#8221; tab_id=&#8221;1&#8243;][vc_column_text css=&#8221;&#8221;]<strong>Coordenadora:<\/strong> <a href=\"http:\/\/lattes.cnpq.br\/8080177160310323\" target=\"_blank\" rel=\"noopener\">Profa. Dra. Jacqueline Echeverria Barrancos<\/a>[\/vc_column_text][\/vc_tta_section][vc_tta_section title=&#8221;Modelagem num\u00e9rica do transporte de contaminantes em aqu\u00edferos&#8221; tab_id=&#8221;2&#8243;][vc_column_text css=&#8221;&#8221;]<strong>Coordenador:<\/strong> <a href=\"https:\/\/professores.uepb.edu.br\/wilker\/\" target=\"_blank\" rel=\"noopener\">Prof. Dr. Jos\u00e9 Wilker de Lima Silva<\/a>[\/vc_column_text][\/vc_tta_section][vc_tta_section title=&#8221;Intelig\u00eancia artificial aplicada \u00e0 gest\u00e3o documental no Campus V\/UEPB&#8221; tab_id=&#8221;3&#8243;][vc_column_text css=&#8221;&#8221;]<strong>Coordenadora:<\/strong> <a href=\"http:\/\/lattes.cnpq.br\/8215509554924467\" target=\"_blank\" rel=\"noopener\">Profa. Dra. Viviane Barreto Motta Nogueira<\/a>[\/vc_column_text][\/vc_tta_section][\/vc_tta_accordion][\/vc_column][\/vc_row][vc_column][\/vc_column][vc_row][\/vc_row][vc_row][vc_column][vc_text_separator title=&#8221;PROBEX Cota 2025\/2026&#8243; i_icon_fontawesome=&#8221;fa fa-solid fa-route&#8221; i_color=&#8221;custom&#8221; title_align=&#8221;separator_align_left&#8221; css=&#8221;&#8221; add_icon=&#8221;true&#8221; i_custom_color=&#8221;#DD3333&#8243;][\/vc_column][\/vc_row][vc_row][\/vc_row][vc_tta_accordion style=&#8221;modern&#8221; shape=&#8221;square&#8221; c_icon=&#8221;triangle&#8221; active_section=&#8221;&#8221; collapsible_all=&#8221;true&#8221;][vc_tta_section title=&#8221;Gest\u00e3o inteligente: aplica\u00e7\u00f5es estat\u00edsticas para o empreendedorismo e a administra\u00e7\u00e3o p\u00fablica&#8221; tab_id=&#8221;1&#8243;][vc_column_text css=&#8221;&#8221;]<strong>Coordenador:<\/strong> <a href=\"https:\/\/professores.uepb.edu.br\/wilker\/\" target=\"_blank\" rel=\"noopener\">Prof. Dr. Jos\u00e9 Wilker de Lima Silva<\/a><br \/>\n<strong>Estudantes:<br \/>\n<\/strong><a href=\"http:\/\/lattes.cnpq.br\/9717209984772859\" target=\"_blank\" rel=\"noopener\">Ayryslaine Kelle de Nezio Leal<\/a> (volunt\u00e1ria)<br \/>\n<a href=\"https:\/\/www.linkedin.com\/in\/cau%C3%AA-reis-173600358\/\" target=\"_blank\" rel=\"noopener\">Caue Fernando de Oliveira Reis<\/a> (volunt\u00e1rio)<br \/>\n<a href=\"http:\/\/lattes.cnpq.br\/1772278869547050\" target=\"_blank\" rel=\"noopener\">Gabriel V\u00edtor Rocha Gomes de Melo <\/a>(volunt\u00e1rio)<br \/>\n<a href=\"https:\/\/www.linkedin.com\/in\/luan-torresar\" target=\"_blank\" rel=\"noopener\">Luan Torres Arruda<\/a> (volunt\u00e1rio)<br \/>\n<a href=\"http:\/\/lattes.cnpq.br\/1616094188689111\" target=\"_blank\" rel=\"noopener\">Manoel Junior Moura da Costa<\/a> (volunt\u00e1rio)<br \/>\n<a href=\"http:\/\/lattes.cnpq.br\/4218651953570314\" target=\"_blank\" rel=\"noopener\">Maria Vitoria Carvalho Damazio<\/a> (bolsista)[\/vc_column_text][\/vc_tta_section][vc_tta_section title=&#8221;Formalizando o futuro empreendedor: empreendedorismo para a economia informal&#8221; tab_id=&#8221;2&#8243;][vc_column_text css=&#8221;&#8221;]<strong>Coordenadora:<\/strong> <a href=\"http:\/\/lattes.cnpq.br\/8080177160310323\" target=\"_blank\" rel=\"noopener\">Profa. Dra. Jacqueline Echeverria Barrancos<\/a><br \/>\n<strong>Estudante: <\/strong><br \/>\nTais da Silva Bastos Bernardo (bolsista)<br \/>\nGracilene Bezerra da Silva (volunt\u00e1ria)<br \/>\nLeide Souza Rocha (volunt\u00e1ria)<br \/>\nNellie da Silva Bastos (volunt\u00e1ria).[\/vc_column_text][\/vc_tta_section][vc_tta_section title=&#8221;Intelig\u00eancia artificial, acessibilidade e inclus\u00e3o: uma proposta para a Academia Paraibana de Letras (APL) \u00e0 luz da governan\u00e7a arquiv\u00edstica e dos objetivos de desenvolvimento sustent\u00e1vel (ods) da agenda 2030&#8243; tab_id=&#8221;3&#8243;][vc_column_text css=&#8221;&#8221;]<strong>Coordenadora:<\/strong> <a href=\"http:\/\/lattes.cnpq.br\/8215509554924467\" target=\"_blank\" rel=\"noopener\">Profa. Dra. Viviane Barreto Motta Nogueira<\/a><br \/>\n<strong>Estudante:<\/strong><br \/>\nDeborah Vit\u00f3ria da Silva Hon\u00f3rio (bolsista)<br \/>\n<a href=\"http:\/\/lattes.cnpq.br\/6975890657623687\" target=\"_blank\" rel=\"noopener\">Ana Karolina Dantas Gomes<\/a> (volunt\u00e1ria)<br \/>\n<a href=\"http:\/\/lattes.cnpq.br\/4706163816918312\" target=\"_blank\" rel=\"noopener\">Jaqueline Viana de Santana Silva<\/a> (volunt\u00e1ria)<br \/>\n<a href=\"http:\/\/lattes.cnpq.br\/5842497362204055\" target=\"_blank\" rel=\"noopener\">Raquel Dandara Sampaio Rattes<\/a> (volunt\u00e1ria)[\/vc_column_text][\/vc_tta_section][vc_tta_section title=&#8221;Divulga\u00e7\u00e3o Digital dos Produtos Tecnol\u00f3gicos da UEPB: a revista Analisando em Ci\u00eancia da Informa\u00e7\u00e3o e do site arquivologiauepb.edu.br&#8221; tab_id=&#8221;4&#8243;][vc_column_text css=&#8221;&#8221;]<strong>Coordenadora:<\/strong> <a href=\"http:\/\/lattes.cnpq.br\/6925135164773452\" target=\"_blank\" rel=\"noopener\">Profa. Dra. Manuela Eug\u00eanio Maia<\/a><br \/>\n<strong>Estudante: <\/strong>Rebeca Pamella Castro Melo Natividade de Carvalho[\/vc_column_text][\/vc_tta_section][vc_tta_section title=&#8221;COMEXPB &#8211; A inser\u00e7\u00e3o de pequenas e m\u00e9dias empresas paraibanas no mercado internacional&#8221; tab_id=&#8221;5&#8243;][vc_column_text css=&#8221;&#8221;]<strong>Coordenadora:<\/strong> <a href=\"http:\/\/lattes.cnpq.br\/1323980059337423\" target=\"_blank\" rel=\"noopener\">Profa. Dra. Lucila Gabriella Maciel Carneiro Vilhena<\/a><br \/>\n<strong>Estudante: <\/strong><a href=\"http:\/\/lattes.cnpq.br\/4548403031046802\" target=\"_blank\" rel=\"noopener\">Lav\u00ednia Maria da Silva Ferreira<\/a>[\/vc_column_text][\/vc_tta_section][vc_tta_section title=&#8221;Lugar de universit\u00e1rio \u00e9 na biblioteca: o campo de batalha do conhecimento&#8221; tab_id=&#8221;6&#8243;][vc_column_text css=&#8221;{&#8220;margin-bottom&#8220;:&#8220;35px&#8220;}&#8221;]<strong>Coordenadora:<\/strong> <a href=\"http:\/\/lattes.cnpq.br\/0853977142031299\" target=\"_blank\" rel=\"noopener\">Profa. Dra. Francinete Fernandes de Sousa<\/a><br \/>\n<strong>Estudante: <\/strong>Raissa da Silva Lima (bolsista)[\/vc_column_text][\/vc_tta_section][vc_tta_section title=&#8221;Passado presente: explorando os arquivos escolares da escola estadual professor Orlando Cavalcanti Gomes &#8211; Jo\u00e3o Pessoa &#8211; Para\u00edba&#8221; tab_id=&#8221;7&#8243;][vc_column_text css=&#8221;{&#8220;margin-bottom&#8220;:&#8220;35px&#8220;}&#8221;]<strong>Coordenadora:<\/strong> <a href=\"http:\/\/lattes.cnpq.br\/0853977142031299\" target=\"_blank\" rel=\"noopener\">Profa. Dra. Francinete Fernandes de Sousa<\/a><br \/>\n<strong>Estudante: <\/strong>Simone Santos de Oliveira Soares (bolsista)[\/vc_column_text][\/vc_tta_section][vc_tta_section title=&#8221;Promo\u00e7\u00e3o da sa\u00fade mental na universidade: a\u00e7\u00f5es e estrat\u00e9gias de apoio ao bem estar dos discentes&#8221; tab_id=&#8221;8&#8243;][vc_column_text css=&#8221;&#8221;]<strong>Coordenadora:<\/strong> <a href=\"http:\/\/lattes.cnpq.br\/0238300050358702\" target=\"_blank\" rel=\"noopener\">Profa. Dra. Andrea Xavier de Albuquerque de Souza<\/a><a href=\"http:\/\/lattes.cnpq.br\/2576322504652427\" target=\"_blank\" rel=\"noopener\"><br \/>\n<\/a><strong>Estudante<\/strong><strong>:<br \/>\n<\/strong>Larissa Cavalcante da Silva (bolsista)<br \/>\nKamily Beatriz Fonseca de Melo Arruda (volunt\u00e1ria)<br \/>\nKatarina C\u00e2mara Cavalcanti de Lima (volunt\u00e1ria)<br \/>\nRislaynne Galdino Guimar\u00e3es (volunt\u00e1ria)[\/vc_column_text][\/vc_tta_section][\/vc_tta_accordion][vc_row][\/vc_row][vc_row][\/vc_row][vc_row][\/vc_row][vc_column][\/vc_column][vc_text_separator title=&#8221;PIBIC-Af Cota 2024\/2025&#8243; i_icon_fontawesome=&#8221;fa fa-solid fa-magnifying-glass-arrow-right&#8221; i_color=&#8221;custom&#8221; title_align=&#8221;separator_align_left&#8221; css=&#8221;&#8221; add_icon=&#8221;true&#8221; i_custom_color=&#8221;#DD3333&#8243;][vc_tta_accordion style=&#8221;modern&#8221; shape=&#8221;square&#8221; c_icon=&#8221;triangle&#8221; active_section=&#8221;&#8221; collapsible_all=&#8221;true&#8221;][vc_tta_section title=&#8221;Perfil Profissional do Egresso e a Inser\u00e7\u00e3o no Mercado de Trabalho do Curso de Arquivologia da Universidade Estadual da Para\u00edba: Um Estudo de Caso de 2010 a 2024&#8243; tab_id=&#8221;1&#8243;][vc_column_text css=&#8221;{&#8220;margin-bottom&#8220;:&#8220;35px&#8220;}&#8221;]<strong>Coordenadora:<\/strong> <a href=\"http:\/\/lattes.cnpq.br\/8080177160310323\" target=\"_blank\" rel=\"noopener\">Profa. Dra. Jacqueline Echeverria Barrancos<\/a><br \/>\n<strong>Estudante:<\/strong> Gabriel V\u00edtor Rocha Gomes\u00a0de\u00a0Melo[\/vc_column_text][\/vc_tta_section][vc_tta_section title=&#8221;ESG na Gest\u00e3o do Arquivo do Campus V\/UEPB&#8221; tab_id=&#8221;1723890518794-a9f4a5c8-e91e&#8221;][vc_column_text css=&#8221;{&#8220;margin-bottom&#8220;:&#8220;35px&#8220;}&#8221;]<strong>Coordenadora:<\/strong> <a href=\"http:\/\/lattes.cnpq.br\/8215509554924467\" target=\"_blank\" rel=\"noopener\">Profa. Dra. Viviane Barreto Motta Nogueira<\/a><br \/>\n<strong>Estudante: <\/strong>Tayn\u00e1 Layla da Silva Pereira[\/vc_column_text][\/vc_tta_section][vc_tta_section title=&#8221;Inser\u00e7\u00e3o de Dados e An\u00e1lise de Documentos para o Software da Hist\u00f3ria dos escravizados na Para\u00edba&#8221; tab_id=&#8221;1723890518007-2febc7a1-7806&#8243;][vc_column_text css=&#8221;{&#8220;margin-bottom&#8220;:&#8220;35px&#8220;}&#8221;]<strong>Coordenadora:<\/strong> <a href=\"http:\/\/lattes.cnpq.br\/0853977142031299\" target=\"_blank\" rel=\"noopener\">Profa. Dra. Francinete Fernandes de Sousa<\/a><br \/>\n<strong>Estudante: <\/strong>Marcio Ricardo Nunes\u00a0da\u00a0Silva[\/vc_column_text][\/vc_tta_section][vc_tta_section title=&#8221;Tratamento arquiv\u00edstico para a cole\u00e7\u00e3o de jornais do acervo do Jornal A Uni\u00e3o&#8221; tab_id=&#8221;1723890518794-a9f4a5c8-e91f&#8221;][vc_column_text css=&#8221;{&#8220;margin-bottom&#8220;:&#8220;35px&#8220;}&#8221;]<strong>Coordenadora:<\/strong> <a href=\"http:\/\/lattes.cnpq.br\/6925135164773452\" target=\"_blank\" rel=\"noopener\">Profa. Dra. Manuela Eug\u00eanio Maia<\/a><br \/>\n<strong>Estudante: <\/strong><a href=\"http:\/\/lattes.cnpq.br\/9965550207124890\" target=\"_blank\" rel=\"noopener\">Ant\u00f4nio Gabriel de Melo Silva<\/a>[\/vc_column_text][\/vc_tta_section][\/vc_tta_accordion][vc_column][\/vc_column][vc_text_separator title=&#8221;PIBIC Cota 2024\/2025&#8243; i_icon_fontawesome=&#8221;fa fa-solid fa-magnifying-glass-chart&#8221; i_color=&#8221;custom&#8221; title_align=&#8221;separator_align_left&#8221; css=&#8221;&#8221; add_icon=&#8221;true&#8221; i_custom_color=&#8221;#DD3333&#8243;][vc_tta_accordion style=&#8221;modern&#8221; shape=&#8221;square&#8221; c_icon=&#8221;triangle&#8221; active_section=&#8221;&#8221; collapsible_all=&#8221;true&#8221;][vc_tta_section title=&#8221;Diverg\u00eancia de Kullback-Leibler Aplicada \u00e0 Gest\u00e3o de Arquivos&#8221; tab_id=&#8221;1&#8243;][vc_column_text css=&#8221;&#8221;]<strong>Coordenador:<\/strong> <a href=\"https:\/\/professores.uepb.edu.br\/wilker\/\" target=\"_blank\" rel=\"noopener\">Prof. Dr. Jos\u00e9 Wilker de Lima Silva<\/a><br \/>\n<strong>Estudante: <\/strong><a href=\"http:\/\/lattes.cnpq.br\/2034212390143705\" target=\"_blank\" rel=\"noopener\">Gabrielly Cristine Martins Magalh\u00e3es<\/a><br \/>\n<strong>Artigo publicado:<\/strong> <a style=\"text-align: justify\" href=\"https:\/\/revista.uepb.edu.br\/racin\/pt_BR\/article\/view\/4589\" target=\"_blank\" rel=\"noopener\">Kullback\u2013Leibler divergence in archivometric analysis: a quantitative approach for comparing information distributions in document collections<\/a>.\u00a0<strong>Racin \u2013 Revista Analisando em Ci\u00eancia da Informa\u00e7\u00e3o.\u00a0<\/strong>DOI:10.18391\/wb6rqg68[\/vc_column_text][\/vc_tta_section][vc_tta_section title=&#8221;A Influ\u00eancia das Rela\u00e7\u00f5es Comerciais do V\u00ednculo Brasil-China Frente \u00e0 Comunidade Paraibana e seu Territ\u00f3rio&#8221; tab_id=&#8221;1723890518794-a9f4a5c8-e91e&#8221;][vc_column_text css=&#8221;{&#8220;margin-bottom&#8220;:&#8220;35px&#8220;}&#8221;]<strong>Coordenadora:<\/strong> <a href=\"http:\/\/lattes.cnpq.br\/1323980059337423\" target=\"_blank\" rel=\"noopener\">Profa. Dra. Lucila Gabriella Maciel Carneiro Vilhena<\/a><br \/>\n<strong>Estudante: <\/strong><a href=\"http:\/\/lattes.cnpq.br\/2774301031195843\" target=\"_blank\" rel=\"noopener\">Camilly Alves Freire de S\u00e1<\/a>[\/vc_column_text][\/vc_tta_section][vc_tta_section title=&#8221;Reposit\u00f3rio Arquiv\u00edstico Digital Did\u00e1tico para o Campus V\/UEPB&#8221; tab_id=&#8221;1723890518007-2febc7a1-7806&#8243;][vc_column_text css=&#8221;{&#8220;margin-bottom&#8220;:&#8220;35px&#8220;}&#8221;]<strong>Coordenadora:<\/strong> <a href=\"http:\/\/lattes.cnpq.br\/8215509554924467\" target=\"_blank\" rel=\"noopener\">Profa. Dra. Viviane Barreto Motta Nogueira<\/a><br \/>\n<strong>Equipe:<\/strong><br \/>\n<a href=\"http:\/\/lattes.cnpq.br\/6975890657623687\" target=\"_blank\" rel=\"noopener\">Ana Karolina Dantas Gomes<\/a><a href=\"http:\/\/lattes.cnpq.br\/2576322504652427\" target=\"_blank\" rel=\"noopener\"><br \/>\nDeborah Vit\u00f3ria da Silva Honorio<br \/>\n<\/a><a href=\"http:\/\/lattes.cnpq.br\/4706163816918312\" target=\"_blank\" rel=\"noopener\">Jaqueline Viana de Santana Silva<\/a><a href=\"http:\/\/lattes.cnpq.br\/2576322504652427\" target=\"_blank\" rel=\"noopener\"><br \/>\n<\/a><a href=\"http:\/\/lattes.cnpq.br\/5842497362204055\" target=\"_blank\" rel=\"noopener\">Raquel Dandara\u00a0Sampaio\u00a0Rattes<\/a>[\/vc_column_text][\/vc_tta_section][\/vc_tta_accordion][vc_column][\/vc_column][vc_text_separator title=&#8221;PIBIC Cota 2023\/2024&#8243; i_icon_fontawesome=&#8221;fa fa-solid fa-magnifying-glass-chart&#8221; i_color=&#8221;custom&#8221; title_align=&#8221;separator_align_left&#8221; css=&#8221;&#8221; add_icon=&#8221;true&#8221; i_custom_color=&#8221;#DD3333&#8243;][vc_tta_accordion style=&#8221;modern&#8221; shape=&#8221;square&#8221; c_icon=&#8221;triangle&#8221; active_section=&#8221;&#8221; collapsible_all=&#8221;true&#8221;][vc_tta_section title=&#8221;Os Benef\u00edcios da rela\u00e7\u00e3o Brasil-China sob o Porto de Cabedelo&#8221; tab_id=&#8221;1&#8243;][vc_column_text css=&#8221;{&#8220;margin-bottom&#8220;:&#8220;35px&#8220;}&#8221;]<strong>Coordenadora:<\/strong> <a href=\"http:\/\/lattes.cnpq.br\/1323980059337423\" target=\"_blank\" rel=\"noopener\">Profa. Dra. Lucila Gabriella Maciel Carneiro Vilhena<\/a><br \/>\nSub\u00e1rea: 6.03.05.02-9 Rela\u00e7\u00f5es do Com\u00e9rcio; Pol\u00edtica Comercial; Integra\u00e7\u00e3o Econ\u00f4mica, 7.09.05.04-5 Rela\u00e7\u00f5es Internacionais, Bilaterais e Multilaterais<br \/>\nGrupo de Pesquisa: Grupo de Pesquisa em Com\u00e9rcio Internacional e Exporta\u00e7\u00f5es da Para\u00edba &#8211; COMEXPB[\/vc_column_text][\/vc_tta_section][\/vc_tta_accordion][vc_column][\/vc_column][vc_text_separator title=&#8221;Programa de Extens\u00e3o Cota 2024\/2025&#8243; i_icon_fontawesome=&#8221;fa fa-solid fa-bars-progress&#8221; i_color=&#8221;custom&#8221; title_align=&#8221;separator_align_left&#8221; css=&#8221;&#8221; add_icon=&#8221;true&#8221; i_custom_color=&#8221;#DD3333&#8243;][vc_tta_accordion style=&#8221;modern&#8221; shape=&#8221;square&#8221; c_icon=&#8221;triangle&#8221; active_section=&#8221;&#8221; collapsible_all=&#8221;true&#8221;][vc_tta_section title=&#8221;Empreendedorismo, Gest\u00e3o e Intelig\u00eancia na Perspectiva das Ci\u00eancias da Arquivologia e Administra\u00e7\u00e3o&#8221; tab_id=&#8221;1&#8243;][vc_column_text css=&#8221;{&#8220;margin-bottom&#8220;:&#8220;35px&#8220;}&#8221;]<strong>Coordenador:<\/strong> <a href=\"https:\/\/professores.uepb.edu.br\/wilker\/\" target=\"_blank\" rel=\"noopener\">Prof. Dr. Jos\u00e9 Wilker de Lima Silva<\/a>[\/vc_column_text][\/vc_tta_section][\/vc_tta_accordion][vc_column][\/vc_column][vc_text_separator title=&#8221;Projetos PROBEX Cota 2024\/2025&#8243; i_icon_fontawesome=&#8221;fa fa-solid fa-route&#8221; i_color=&#8221;custom&#8221; title_align=&#8221;separator_align_left&#8221; css=&#8221;&#8221; add_icon=&#8221;true&#8221; i_custom_color=&#8221;#DD3333&#8243;][vc_tta_accordion style=&#8221;modern&#8221; shape=&#8221;square&#8221; c_icon=&#8221;triangle&#8221; active_section=&#8221;&#8221; collapsible_all=&#8221;true&#8221;][vc_tta_section title=&#8221;Pap\u00e9is da Vida: Arquivologia na Trilha dos Documentos de Moradores de Rua da Cidade de Jo\u00e3o Pessoa \u2013 Para\u00edba&#8221; tab_id=&#8221;1&#8243;][vc_column_text]<strong>Coordenadora:<\/strong> <a href=\"http:\/\/lattes.cnpq.br\/0853977142031299\" target=\"_blank\" rel=\"noopener\">Profa. Dra. Francinete Fernandes de Sousa<\/a><br \/>\n<strong>Equipe:<\/strong><br \/>\n<a href=\"http:\/\/lattes.cnpq.br\/2115890930078003\" target=\"_blank\" rel=\"noopener\">Mayra Marcia da Silva<\/a><a href=\"http:\/\/lattes.cnpq.br\/2576322504652427\" target=\"_blank\" rel=\"noopener\"><br \/>\n<\/a><a href=\"http:\/\/lattes.cnpq.br\/6096184372613293\" target=\"_blank\" rel=\"noopener\">Gabriel Roque dos Santos Queiroz<\/a><a href=\"http:\/\/lattes.cnpq.br\/2576322504652427\" target=\"_blank\" rel=\"noopener\"><br \/>\n<\/a><a href=\"http:\/\/lattes.cnpq.br\/1772278869547050\" target=\"_blank\" rel=\"noopener\">Gabriel Vitor Rocha Gomes De Melo<\/a><a href=\"http:\/\/lattes.cnpq.br\/2576322504652427\" target=\"_blank\" rel=\"noopener\"><br \/>\n<\/a><a href=\"http:\/\/lattes.cnpq.br\/2816671507639832\" target=\"_blank\" rel=\"noopener\">Josivan Soares Ferreira (Arquivista-colaborador)<\/a><a href=\"http:\/\/lattes.cnpq.br\/2576322504652427\" target=\"_blank\" rel=\"noopener\"><br \/>\n<\/a><a href=\"http:\/\/lattes.cnpq.br\/2871073606565291\" target=\"_blank\" rel=\"noopener\">Francisco Assis Fidelis de Oliveira Neto<\/a><a href=\"http:\/\/lattes.cnpq.br\/2576322504652427\" target=\"_blank\" rel=\"noopener\"><br \/>\n<\/a><a href=\"http:\/\/lattes.cnpq.br\/0619624587195878\" target=\"_blank\" rel=\"noopener\">D\u00e9bora Nascimento de Oliveira<\/a>[\/vc_column_text][\/vc_tta_section][vc_tta_section title=&#8221;Passado Presente: Explorando os Arquivos Escolares da Escola Estadual Professor Orlando Cavalcanti Gomes&#8221; tab_id=&#8221;2&#8243;][vc_column_text]Coordenadora: <a href=\"http:\/\/lattes.cnpq.br\/0853977142031299\" target=\"_blank\" rel=\"noopener\">Profa. Dra. Francinete Fernandes de Sousa<\/a><br \/>\n<strong>Equipe:<\/strong><br \/>\nMayra Marcia da Silva<br \/>\nGabriel Roque dos Santos Queiroz<br \/>\nGabriel Vitor Rocha Gomes De Melo<br \/>\nJosivan Soares Ferreira Arquivista-colaborador)<br \/>\nFrancisco Assis Fidelis de Oliveira Neto<br \/>\nD\u00e9bora Nascimento de Oliveira<br \/>\nVictor Ferreira Batista<br \/>\nJackeline S. Silva (Mestranda-\u00a0colaboradora)[\/vc_column_text][\/vc_tta_section][vc_tta_section title=&#8221;Formalizando o Futuro Empreendedor: Empreendedorismo para a Economia Informal&#8221; tab_id=&#8221;3&#8243;][vc_column_text]Coordenadora: <a href=\"http:\/\/lattes.cnpq.br\/8080177160310323\" target=\"_blank\" rel=\"noopener\">Profa. Dra. Jacqueline Echeverria Barrancos<\/a><br \/>\n<strong>Equipe:<\/strong><br \/>\nChiara Cristina Santana Coelho<br \/>\nElizane Nascimento<br \/>\nEnric Assis<br \/>\nErika Martins de Mesquita<br \/>\nFabricio Cesar da Silva Mota<br \/>\nFrancielle Pereira de Lira<br \/>\nFrancisco Assis Fidelis de Oliviera Neto<br \/>\nGabriel Victor da Silva<br \/>\nHallan Denisson da Silva<br \/>\nLucas Silva dos Santos<br \/>\nMatheus da Silva Guerra Borba[\/vc_column_text][\/vc_tta_section][vc_tta_section title=&#8221;Desenvolvimento de Sistemas de Gest\u00e3o Documental na UEPB&#8221; tab_id=&#8221;4&#8243;][vc_column_text css=&#8221;{&#8220;margin-bottom&#8220;:&#8220;35px&#8220;}&#8221;]<strong>Coordenador:<\/strong> <a href=\"https:\/\/professores.uepb.edu.br\/wilker\/\" target=\"_blank\" rel=\"noopener\">Prof. Dr. Jos\u00e9 Wilker de Lima Silva<\/a><br \/>\n<strong>Equipe:<\/strong><br \/>\n<a href=\"http:\/\/lattes.cnpq.br\/8195389239902990\" target=\"_blank\" rel=\"noopener\">Danniely F\u00e1tima Santos de Lima<\/a><a href=\"http:\/\/lattes.cnpq.br\/2576322504652427\" target=\"_blank\" rel=\"noopener\"><br \/>\n<\/a><a href=\"https:\/\/www.linkedin.com\/in\/eric-nobrega-044060113\" target=\"_blank\" rel=\"noopener\">Eric Daniel Guedes da Nobrega<\/a><a href=\"http:\/\/lattes.cnpq.br\/2576322504652427\" target=\"_blank\" rel=\"noopener\"><br \/>\n<\/a><a href=\"http:\/\/lattes.cnpq.br\/8237624261286799\" target=\"_blank\" rel=\"noopener\">Gabriela Martins de Lima<\/a><a href=\"http:\/\/lattes.cnpq.br\/2576322504652427\" target=\"_blank\" rel=\"noopener\"><br \/>\n<\/a><a href=\"http:\/\/lattes.cnpq.br\/2034212390143705\" target=\"_blank\" rel=\"noopener\">Gabrielly Cristine Martins Magalh\u00e3es<\/a><a href=\"http:\/\/lattes.cnpq.br\/2576322504652427\" target=\"_blank\" rel=\"noopener\"><br \/>\n<\/a><a href=\"http:\/\/lattes.cnpq.br\/0657329823697306\" target=\"_blank\" rel=\"noopener\">Geovana da Silva Andrade<\/a><a href=\"http:\/\/lattes.cnpq.br\/2576322504652427\" target=\"_blank\" rel=\"noopener\"><br \/>\n<\/a><a href=\"https:\/\/www.linkedin.com\/in\/giovannycordeiro\/\" target=\"_blank\" rel=\"noopener\">Giovanny dos Santos Cordeiro<\/a><a href=\"http:\/\/lattes.cnpq.br\/2576322504652427\" target=\"_blank\" rel=\"noopener\"><br \/>\n<\/a><a href=\"https:\/\/www.linkedin.com\/in\/lucas-fidelis-778705149\/\" target=\"_blank\" rel=\"noopener\">Lucas Mateus Claudio Fidelis<\/a><a href=\"http:\/\/lattes.cnpq.br\/2576322504652427\" target=\"_blank\" rel=\"noopener\"><br \/>\n<\/a><a href=\"https:\/\/www.linkedin.com\/in\/marcos-oliveira-77410424a\/\" target=\"_blank\" rel=\"noopener\">Marcos Rafael Ara\u00fajo Oliveira<\/a><a href=\"http:\/\/lattes.cnpq.br\/2576322504652427\" target=\"_blank\" rel=\"noopener\"><br \/>\n<\/a><a href=\"https:\/\/www.linkedin.com\/in\/mateus-erik-mat123\" target=\"_blank\" rel=\"noopener\">Mateus Erik Leite Pessoa<\/a><a href=\"http:\/\/lattes.cnpq.br\/2576322504652427\" target=\"_blank\" rel=\"noopener\"><br \/>\n<\/a><a href=\"https:\/\/www.linkedin.com\/in\/porfirio-andrade\/\" target=\"_blank\" rel=\"noopener\">Porfirio Andrade de Sousa<\/a><a href=\"http:\/\/lattes.cnpq.br\/2576322504652427\" target=\"_blank\" rel=\"noopener\"><br \/>\n<\/a><a href=\"http:\/\/lattes.cnpq.br\/3611266925535657\" target=\"_blank\" rel=\"noopener\">Rayana Ketyn Teixeira da Silva<\/a><a href=\"http:\/\/lattes.cnpq.br\/2576322504652427\" target=\"_blank\" rel=\"noopener\"><br \/>\n<\/a><a href=\"http:\/\/lattes.cnpq.br\/7596599769366546\" target=\"_blank\" rel=\"noopener\">Rita de Cassia Bastos Bernardo<\/a>[\/vc_column_text][\/vc_tta_section][vc_tta_section title=&#8221;Divulga\u00e7\u00e3o Eletr\u00f4nica: a Web Promovendo o Curso de Arquivologia da UEPB&#8221; tab_id=&#8221;5&#8243;][vc_column_text]Coordenadora: <a href=\"http:\/\/lattes.cnpq.br\/6925135164773452\" target=\"_blank\" rel=\"noopener\">Profa. Dra. Manuela Eug\u00eanio Maia<\/a><br \/>\n<strong>Equipe:<\/strong><br \/>\n<a href=\"http:\/\/lattes.cnpq.br\/2951640333177117\" target=\"_blank\" rel=\"noopener\">Francielle Pereira de Lira<\/a>[\/vc_column_text][\/vc_tta_section][vc_tta_section title=&#8221;Promovendo a Inclus\u00e3o de Estrat\u00e9gias de Governan\u00e7a Arquiv\u00edstica atrav\u00e9s dos Objetivos do Desenvolvimento Sustent\u00e1vel (ODS) no Centro Estadual de Arte da Para\u00edba (CEARTE)&#8221; tab_id=&#8221;6&#8243;][vc_column_text]Coordenadora: <a href=\"http:\/\/lattes.cnpq.br\/8215509554924467\" target=\"_blank\" rel=\"noopener\">Profa. Dra. Viviane Barreto Motta Nogueira<\/a><br \/>\n<strong>Equipe:<\/strong><br \/>\nAna Karolina Dantas Gomes<br \/>\nDeborah Vit\u00f3ria da Silva Honorio<br \/>\nJaqueline Viana de Santana Silva<br \/>\nRaquel Dandara\u00a0Sampaio\u00a0Rattes[\/vc_column_text][\/vc_tta_section][\/vc_tta_accordion]<\/p>\n<\/div>","protected":false},"excerpt":{"rendered":"<p>[vc_row][vc_column][vc_text_separator title=&#8221;Projetos PIBIC 2025\/2026 aprovados&#8221; i_icon_fontawesome=&#8221;fa fa-solid fa-magnifying-glass-chart&#8221; i_color=&#8221;custom&#8221; title_align=&#8221;separator_align_left&#8221; css=&#8221;&#8221; add_icon=&#8221;true&#8221; i_custom_color=&#8221;#DD3333&#8243;][vc_tta_accordion style=&#8221;modern&#8221; shape=&#8221;square&#8221; c_icon=&#8221;triangle&#8221; active_section=&#8221;&#8221; collapsible_all=&#8221;true&#8221;][vc_tta_section title=&#8221;Apropria\u00e7\u00e3o da intelig\u00eancia artificial por profissionais arquivistas: uma revis\u00e3o integrativa da literatura&#8221; tab_id=&#8221;1&#8243;][vc_column_text css=&#8221;&#8221;]Coordenadora: Profa. Dra. Jacqueline Echeverria Barrancos[\/vc_column_text][\/vc_tta_section][vc_tta_section title=&#8221;Modelagem num\u00e9rica do transporte de contaminantes em aqu\u00edferos&#8221; tab_id=&#8221;2&#8243;][vc_column_text css=&#8221;&#8221;]Coordenador: Prof. Dr. Jos\u00e9 Wilker de Lima Silva[\/vc_column_text][\/vc_tta_section][vc_tta_section title=&#8221;Intelig\u00eancia <a class=\"leiamais\" href=\"https:\/\/laboratorios.uepb.edu.br\/labegi\/projetos\/\">Leia Mais&#8230;<\/a><\/p>\n","protected":false},"author":4,"featured_media":0,"parent":0,"menu_order":0,"comment_status":"closed","ping_status":"closed","template":"","meta":{"footnotes":""},"class_list":["post-9","page","type-page","status-publish","hentry"],"_links":{"self":[{"href":"https:\/\/laboratorios.uepb.edu.br\/labegi\/wp-json\/wp\/v2\/pages\/9","targetHints":{"allow":["GET"]}}],"collection":[{"href":"https:\/\/laboratorios.uepb.edu.br\/labegi\/wp-json\/wp\/v2\/pages"}],"about":[{"href":"https:\/\/laboratorios.uepb.edu.br\/labegi\/wp-json\/wp\/v2\/types\/page"}],"author":[{"embeddable":true,"href":"https:\/\/laboratorios.uepb.edu.br\/labegi\/wp-json\/wp\/v2\/users\/4"}],"replies":[{"embeddable":true,"href":"https:\/\/laboratorios.uepb.edu.br\/labegi\/wp-json\/wp\/v2\/comments?post=9"}],"version-history":[{"count":132,"href":"https:\/\/laboratorios.uepb.edu.br\/labegi\/wp-json\/wp\/v2\/pages\/9\/revisions"}],"predecessor-version":[{"id":452,"href":"https:\/\/laboratorios.uepb.edu.br\/labegi\/wp-json\/wp\/v2\/pages\/9\/revisions\/452"}],"wp:attachment":[{"href":"https:\/\/laboratorios.uepb.edu.br\/labegi\/wp-json\/wp\/v2\/media?parent=9"}],"curies":[{"name":"wp","href":"https:\/\/api.w.org\/{rel}","templated":true}]}}